{"id":350,"date":"2023-03-01T16:45:17","date_gmt":"2023-03-01T09:45:17","guid":{"rendered":"http:\/\/35.213.183.12\/cho-thuong-hieu\/"},"modified":"2024-10-31T11:58:40","modified_gmt":"2024-10-31T04:58:40","slug":"cho-doi-tac","status":"publish","type":"page","link":"https:\/\/ninjamart.com\/vi\/cho-doi-tac\/","title":{"rendered":"D\u00c0NH CHO \u0110\u1ed0I T\u00c1C"},"content":{"rendered":"<p>&nbsp;<\/p>\n<p>&nbsp;<\/p>\n","protected":false},"excerpt":{"rendered":"<p>&nbsp; &nbsp;<\/p>\n","protected":false},"author":1,"featured_media":0,"parent":0,"menu_order":0,"comment_status":"closed","ping_status":"closed","template":"page-for-brands.php","meta":{"inline_featured_image":false,"_monsterinsights_skip_tracking":false,"_monsterinsights_sitenote_active":false,"_monsterinsights_sitenote_note":"","_monsterinsights_sitenote_category":0,"footnotes":""},"acf":[],"yoast_head":"<!-- This site is optimized with the Yoast SEO plugin v22.6 - https:\/\/yoast.com\/wordpress\/plugins\/seo\/ -->\n<title>M\u1edf R\u1ed9ng K\u00eanh Ph\u00e2n Ph\u1ed1i T\u1ea1i Vi\u1ec7t Nam v\u00e0 Malaysia | Ninja Mart<\/title>\n<meta name=\"description\" content=\"V\u1edbi h\u01a1n 38,000 c\u1eeda h\u00e0ng trong m\u1ea1ng l\u01b0\u1edbi c\u1ee7a Ninja Mart, kh\u00e1m ph\u00e1 th\u00eam ti\u1ec1m n\u0103ng ph\u00e1t tri\u1ec3n th\u01b0\u01a1ng hi\u1ec7u t\u1ea1i n\u00f4ng th\u00f4n t\u1ea1i Vi\u1ec7t Nam v\u00e0 Malaysia.\" \/>\n<meta name=\"robots\" content=\"index, follow, max-snippet:-1, max-image-preview:large, max-video-preview:-1\" \/>\n<link rel=\"canonical\" href=\"https:\/\/ninjamart.com\/vi\/cho-doi-tac\/\" \/>\n<meta property=\"og:locale\" content=\"vi_VN\" \/>\n<meta property=\"og:type\" content=\"article\" \/>\n<meta property=\"og:title\" content=\"M\u1edf R\u1ed9ng K\u00eanh Ph\u00e2n Ph\u1ed1i T\u1ea1i Vi\u1ec7t Nam v\u00e0 Malaysia | Ninja Mart\" \/>\n<meta property=\"og:description\" content=\"V\u1edbi h\u01a1n 38,000 c\u1eeda h\u00e0ng trong m\u1ea1ng l\u01b0\u1edbi c\u1ee7a Ninja Mart, kh\u00e1m ph\u00e1 th\u00eam ti\u1ec1m n\u0103ng ph\u00e1t tri\u1ec3n th\u01b0\u01a1ng hi\u1ec7u t\u1ea1i n\u00f4ng th\u00f4n t\u1ea1i Vi\u1ec7t Nam v\u00e0 Malaysia.\" \/>\n<meta property=\"og:url\" content=\"https:\/\/ninjamart.com\/vi\/cho-doi-tac\/\" \/>\n<meta property=\"og:site_name\" content=\"Ninja Mart\" \/>\n<meta property=\"article:publisher\" content=\"https:\/\/www.facebook.com\/ninjamartvn\/\" \/>\n<meta property=\"article:modified_time\" content=\"2024-10-31T04:58:40+00:00\" \/>\n<meta name=\"twitter:card\" content=\"summary_large_image\" \/>\n<script type=\"application\/ld+json\" class=\"yoast-schema-graph\">{\"@context\":\"https:\/\/schema.org\",\"@graph\":[{\"@type\":\"WebPage\",\"@id\":\"https:\/\/ninjamart.com\/vi\/cho-doi-tac\/\",\"url\":\"https:\/\/ninjamart.com\/vi\/cho-doi-tac\/\",\"name\":\"M\u1edf R\u1ed9ng K\u00eanh Ph\u00e2n Ph\u1ed1i T\u1ea1i Vi\u1ec7t Nam v\u00e0 Malaysia | Ninja Mart\",\"isPartOf\":{\"@id\":\"https:\/\/ninjamart.com\/vi\/#website\"},\"datePublished\":\"2023-03-01T09:45:17+00:00\",\"dateModified\":\"2024-10-31T04:58:40+00:00\",\"description\":\"V\u1edbi h\u01a1n 38,000 c\u1eeda h\u00e0ng trong m\u1ea1ng l\u01b0\u1edbi c\u1ee7a Ninja Mart, kh\u00e1m ph\u00e1 th\u00eam ti\u1ec1m n\u0103ng ph\u00e1t tri\u1ec3n th\u01b0\u01a1ng hi\u1ec7u t\u1ea1i n\u00f4ng th\u00f4n t\u1ea1i Vi\u1ec7t Nam v\u00e0 Malaysia.\",\"breadcrumb\":{\"@id\":\"https:\/\/ninjamart.com\/vi\/cho-doi-tac\/#breadcrumb\"},\"inLanguage\":\"vi-VN\",\"potentialAction\":[{\"@type\":\"ReadAction\",\"target\":[\"https:\/\/ninjamart.com\/vi\/cho-doi-tac\/\"]}]},{\"@type\":\"BreadcrumbList\",\"@id\":\"https:\/\/ninjamart.com\/vi\/cho-doi-tac\/#breadcrumb\",\"itemListElement\":[{\"@type\":\"ListItem\",\"position\":1,\"name\":\"Home\",\"item\":\"https:\/\/ninjamart.com\/vi\/\"},{\"@type\":\"ListItem\",\"position\":2,\"name\":\"D\u00c0NH CHO \u0110\u1ed0I T\u00c1C\"}]},{\"@type\":\"WebSite\",\"@id\":\"https:\/\/ninjamart.com\/vi\/#website\",\"url\":\"https:\/\/ninjamart.com\/vi\/\",\"name\":\"Ninja Mart\",\"description\":\"Wider Coverage, Endless Possibilities\",\"publisher\":{\"@id\":\"https:\/\/ninjamart.com\/vi\/#organization\"},\"potentialAction\":[{\"@type\":\"SearchAction\",\"target\":{\"@type\":\"EntryPoint\",\"urlTemplate\":\"https:\/\/ninjamart.com\/vi\/?s={search_term_string}\"},\"query-input\":\"required name=search_term_string\"}],\"inLanguage\":\"vi-VN\"},{\"@type\":\"Organization\",\"@id\":\"https:\/\/ninjamart.com\/vi\/#organization\",\"name\":\"Ninja Mart\",\"alternateName\":\"Ninja Van\",\"url\":\"https:\/\/ninjamart.com\/vi\/\",\"logo\":{\"@type\":\"ImageObject\",\"inLanguage\":\"vi-VN\",\"@id\":\"https:\/\/ninjamart.com\/vi\/#\/schema\/logo\/image\/\",\"url\":\"https:\/\/ninjamart.com\/wp-content\/uploads\/2023\/02\/logo-ninjamart.svg\",\"contentUrl\":\"https:\/\/ninjamart.com\/wp-content\/uploads\/2023\/02\/logo-ninjamart.svg\",\"width\":188,\"height\":48,\"caption\":\"Ninja Mart\"},\"image\":{\"@id\":\"https:\/\/ninjamart.com\/vi\/#\/schema\/logo\/image\/\"},\"sameAs\":[\"https:\/\/www.facebook.com\/ninjamartvn\/\"]}]}<\/script>\n<!-- \/ Yoast SEO plugin. -->","yoast_head_json":{"title":"M\u1edf R\u1ed9ng K\u00eanh Ph\u00e2n Ph\u1ed1i T\u1ea1i Vi\u1ec7t Nam v\u00e0 Malaysia | Ninja Mart","description":"V\u1edbi h\u01a1n 38,000 c\u1eeda h\u00e0ng trong m\u1ea1ng l\u01b0\u1edbi c\u1ee7a Ninja Mart, kh\u00e1m ph\u00e1 th\u00eam ti\u1ec1m n\u0103ng ph\u00e1t tri\u1ec3n th\u01b0\u01a1ng hi\u1ec7u t\u1ea1i n\u00f4ng th\u00f4n t\u1ea1i Vi\u1ec7t Nam v\u00e0 Malaysia.","robots":{"index":"index","follow":"follow","max-snippet":"max-snippet:-1","max-image-preview":"max-image-preview:large","max-video-preview":"max-video-preview:-1"},"canonical":"https:\/\/ninjamart.com\/vi\/cho-doi-tac\/","og_locale":"vi_VN","og_type":"article","og_title":"M\u1edf R\u1ed9ng K\u00eanh Ph\u00e2n Ph\u1ed1i T\u1ea1i Vi\u1ec7t Nam v\u00e0 Malaysia | Ninja Mart","og_description":"V\u1edbi h\u01a1n 38,000 c\u1eeda h\u00e0ng trong m\u1ea1ng l\u01b0\u1edbi c\u1ee7a Ninja Mart, kh\u00e1m ph\u00e1 th\u00eam ti\u1ec1m n\u0103ng ph\u00e1t tri\u1ec3n th\u01b0\u01a1ng hi\u1ec7u t\u1ea1i n\u00f4ng th\u00f4n t\u1ea1i Vi\u1ec7t Nam v\u00e0 Malaysia.","og_url":"https:\/\/ninjamart.com\/vi\/cho-doi-tac\/","og_site_name":"Ninja Mart","article_publisher":"https:\/\/www.facebook.com\/ninjamartvn\/","article_modified_time":"2024-10-31T04:58:40+00:00","twitter_card":"summary_large_image","schema":{"@context":"https:\/\/schema.org","@graph":[{"@type":"WebPage","@id":"https:\/\/ninjamart.com\/vi\/cho-doi-tac\/","url":"https:\/\/ninjamart.com\/vi\/cho-doi-tac\/","name":"M\u1edf R\u1ed9ng K\u00eanh Ph\u00e2n Ph\u1ed1i T\u1ea1i Vi\u1ec7t Nam v\u00e0 Malaysia | Ninja Mart","isPartOf":{"@id":"https:\/\/ninjamart.com\/vi\/#website"},"datePublished":"2023-03-01T09:45:17+00:00","dateModified":"2024-10-31T04:58:40+00:00","description":"V\u1edbi h\u01a1n 38,000 c\u1eeda h\u00e0ng trong m\u1ea1ng l\u01b0\u1edbi c\u1ee7a Ninja Mart, kh\u00e1m ph\u00e1 th\u00eam ti\u1ec1m n\u0103ng ph\u00e1t tri\u1ec3n th\u01b0\u01a1ng hi\u1ec7u t\u1ea1i n\u00f4ng th\u00f4n t\u1ea1i Vi\u1ec7t Nam v\u00e0 Malaysia.","breadcrumb":{"@id":"https:\/\/ninjamart.com\/vi\/cho-doi-tac\/#breadcrumb"},"inLanguage":"vi-VN","potentialAction":[{"@type":"ReadAction","target":["https:\/\/ninjamart.com\/vi\/cho-doi-tac\/"]}]},{"@type":"BreadcrumbList","@id":"https:\/\/ninjamart.com\/vi\/cho-doi-tac\/#breadcrumb","itemListElement":[{"@type":"ListItem","position":1,"name":"Home","item":"https:\/\/ninjamart.com\/vi\/"},{"@type":"ListItem","position":2,"name":"D\u00c0NH CHO \u0110\u1ed0I T\u00c1C"}]},{"@type":"WebSite","@id":"https:\/\/ninjamart.com\/vi\/#website","url":"https:\/\/ninjamart.com\/vi\/","name":"Ninja Mart","description":"Wider Coverage, Endless Possibilities","publisher":{"@id":"https:\/\/ninjamart.com\/vi\/#organization"},"potentialAction":[{"@type":"SearchAction","target":{"@type":"EntryPoint","urlTemplate":"https:\/\/ninjamart.com\/vi\/?s={search_term_string}"},"query-input":"required name=search_term_string"}],"inLanguage":"vi-VN"},{"@type":"Organization","@id":"https:\/\/ninjamart.com\/vi\/#organization","name":"Ninja Mart","alternateName":"Ninja Van","url":"https:\/\/ninjamart.com\/vi\/","logo":{"@type":"ImageObject","inLanguage":"vi-VN","@id":"https:\/\/ninjamart.com\/vi\/#\/schema\/logo\/image\/","url":"https:\/\/ninjamart.com\/wp-content\/uploads\/2023\/02\/logo-ninjamart.svg","contentUrl":"https:\/\/ninjamart.com\/wp-content\/uploads\/2023\/02\/logo-ninjamart.svg","width":188,"height":48,"caption":"Ninja Mart"},"image":{"@id":"https:\/\/ninjamart.com\/vi\/#\/schema\/logo\/image\/"},"sameAs":["https:\/\/www.facebook.com\/ninjamartvn\/"]}]}},"_links":{"self":[{"href":"https:\/\/ninjamart.com\/vi\/wp-json\/wp\/v2\/pages\/350"}],"collection":[{"href":"https:\/\/ninjamart.com\/vi\/wp-json\/wp\/v2\/pages"}],"about":[{"href":"https:\/\/ninjamart.com\/vi\/wp-json\/wp\/v2\/types\/page"}],"author":[{"embeddable":true,"href":"https:\/\/ninjamart.com\/vi\/wp-json\/wp\/v2\/users\/1"}],"replies":[{"embeddable":true,"href":"https:\/\/ninjamart.com\/vi\/wp-json\/wp\/v2\/comments?post=350"}],"version-history":[{"count":33,"href":"https:\/\/ninjamart.com\/vi\/wp-json\/wp\/v2\/pages\/350\/revisions"}],"predecessor-version":[{"id":2897,"href":"https:\/\/ninjamart.com\/vi\/wp-json\/wp\/v2\/pages\/350\/revisions\/2897"}],"wp:attachment":[{"href":"https:\/\/ninjamart.com\/vi\/wp-json\/wp\/v2\/media?parent=350"}],"curies":[{"name":"wp","href":"https:\/\/api.w.org\/{rel}","templated":true}]}}