{"id":344,"date":"2023-03-01T16:30:54","date_gmt":"2023-03-01T09:30:54","guid":{"rendered":"http:\/\/35.213.183.12\/gioi-thieu-ninjamart\/"},"modified":"2025-09-09T17:12:19","modified_gmt":"2025-09-09T10:12:19","slug":"gioi-thieu-ninjamart","status":"publish","type":"page","link":"https:\/\/ninjamart.com\/vi\/gioi-thieu-ninjamart\/","title":{"rendered":"V\u1ec0 CH\u00daNG T\u00d4I"},"content":{"rendered":"","protected":false},"excerpt":{"rendered":"","protected":false},"author":1,"featured_media":0,"parent":0,"menu_order":0,"comment_status":"closed","ping_status":"closed","template":"page-about.php","meta":{"inline_featured_image":false,"_monsterinsights_skip_tracking":false,"_monsterinsights_sitenote_active":false,"_monsterinsights_sitenote_note":"","_monsterinsights_sitenote_category":0,"footnotes":""},"acf":[],"yoast_head":"<!-- This site is optimized with the Yoast SEO plugin v22.6 - https:\/\/yoast.com\/wordpress\/plugins\/seo\/ -->\n<title>V\u1ec0 CH\u00daNG T\u00d4I - Ninja Mart<\/title>\n<meta name=\"description\" content=\"Kh\u00e1m ph\u00e1 c\u00e2u chuy\u1ec7n v\u00e0 n\u0103ng l\u1ef1c c\u1ee7a Ninja Mart - \u0111\u1ed1i t\u00e1c ph\u00e2n ph\u1ed1i h\u00e0ng ti\u00eau d\u00f9ng v\u1edbi m\u1ea1ng l\u01b0\u1edbi kho v\u1eadn v\u00e0 b\u00e1n h\u00e0ng ph\u1ee7 s\u00f3ng r\u1ed9ng r\u00e3i.\" \/>\n<meta name=\"robots\" content=\"index, follow, max-snippet:-1, max-image-preview:large, max-video-preview:-1\" \/>\n<link rel=\"canonical\" href=\"https:\/\/ninjamart.com\/vi\/gioi-thieu-ninjamart\/\" \/>\n<meta property=\"og:locale\" content=\"vi_VN\" \/>\n<meta property=\"og:type\" content=\"article\" \/>\n<meta property=\"og:title\" content=\"V\u1ec0 CH\u00daNG T\u00d4I - Ninja Mart\" \/>\n<meta property=\"og:description\" content=\"Kh\u00e1m ph\u00e1 c\u00e2u chuy\u1ec7n v\u00e0 n\u0103ng l\u1ef1c c\u1ee7a Ninja Mart - \u0111\u1ed1i t\u00e1c ph\u00e2n ph\u1ed1i h\u00e0ng ti\u00eau d\u00f9ng v\u1edbi m\u1ea1ng l\u01b0\u1edbi kho v\u1eadn v\u00e0 b\u00e1n h\u00e0ng ph\u1ee7 s\u00f3ng r\u1ed9ng r\u00e3i.\" \/>\n<meta property=\"og:url\" content=\"https:\/\/ninjamart.com\/vi\/gioi-thieu-ninjamart\/\" \/>\n<meta property=\"og:site_name\" content=\"Ninja Mart\" \/>\n<meta property=\"article:publisher\" content=\"https:\/\/www.facebook.com\/ninjamartvn\/\" \/>\n<meta property=\"article:modified_time\" content=\"2025-09-09T10:12:19+00:00\" \/>\n<meta name=\"twitter:card\" content=\"summary_large_image\" \/>\n<script type=\"application\/ld+json\" class=\"yoast-schema-graph\">{\"@context\":\"https:\/\/schema.org\",\"@graph\":[{\"@type\":\"WebPage\",\"@id\":\"https:\/\/ninjamart.com\/vi\/gioi-thieu-ninjamart\/\",\"url\":\"https:\/\/ninjamart.com\/vi\/gioi-thieu-ninjamart\/\",\"name\":\"V\u1ec0 CH\u00daNG T\u00d4I - Ninja Mart\",\"isPartOf\":{\"@id\":\"https:\/\/ninjamart.com\/vi\/#website\"},\"datePublished\":\"2023-03-01T09:30:54+00:00\",\"dateModified\":\"2025-09-09T10:12:19+00:00\",\"description\":\"Kh\u00e1m ph\u00e1 c\u00e2u chuy\u1ec7n v\u00e0 n\u0103ng l\u1ef1c c\u1ee7a Ninja Mart - \u0111\u1ed1i t\u00e1c ph\u00e2n ph\u1ed1i h\u00e0ng ti\u00eau d\u00f9ng v\u1edbi m\u1ea1ng l\u01b0\u1edbi kho v\u1eadn v\u00e0 b\u00e1n h\u00e0ng ph\u1ee7 s\u00f3ng r\u1ed9ng r\u00e3i.\",\"breadcrumb\":{\"@id\":\"https:\/\/ninjamart.com\/vi\/gioi-thieu-ninjamart\/#breadcrumb\"},\"inLanguage\":\"vi-VN\",\"potentialAction\":[{\"@type\":\"ReadAction\",\"target\":[\"https:\/\/ninjamart.com\/vi\/gioi-thieu-ninjamart\/\"]}]},{\"@type\":\"BreadcrumbList\",\"@id\":\"https:\/\/ninjamart.com\/vi\/gioi-thieu-ninjamart\/#breadcrumb\",\"itemListElement\":[{\"@type\":\"ListItem\",\"position\":1,\"name\":\"Home\",\"item\":\"https:\/\/ninjamart.com\/vi\/\"},{\"@type\":\"ListItem\",\"position\":2,\"name\":\"V\u1ec0 CH\u00daNG T\u00d4I\"}]},{\"@type\":\"WebSite\",\"@id\":\"https:\/\/ninjamart.com\/vi\/#website\",\"url\":\"https:\/\/ninjamart.com\/vi\/\",\"name\":\"Ninja Mart\",\"description\":\"Wider Coverage, Endless Possibilities\",\"publisher\":{\"@id\":\"https:\/\/ninjamart.com\/vi\/#organization\"},\"potentialAction\":[{\"@type\":\"SearchAction\",\"target\":{\"@type\":\"EntryPoint\",\"urlTemplate\":\"https:\/\/ninjamart.com\/vi\/?s={search_term_string}\"},\"query-input\":\"required name=search_term_string\"}],\"inLanguage\":\"vi-VN\"},{\"@type\":\"Organization\",\"@id\":\"https:\/\/ninjamart.com\/vi\/#organization\",\"name\":\"Ninja Mart\",\"alternateName\":\"Ninja Van\",\"url\":\"https:\/\/ninjamart.com\/vi\/\",\"logo\":{\"@type\":\"ImageObject\",\"inLanguage\":\"vi-VN\",\"@id\":\"https:\/\/ninjamart.com\/vi\/#\/schema\/logo\/image\/\",\"url\":\"https:\/\/ninjamart.com\/wp-content\/uploads\/2023\/02\/logo-ninjamart.svg\",\"contentUrl\":\"https:\/\/ninjamart.com\/wp-content\/uploads\/2023\/02\/logo-ninjamart.svg\",\"width\":188,\"height\":48,\"caption\":\"Ninja Mart\"},\"image\":{\"@id\":\"https:\/\/ninjamart.com\/vi\/#\/schema\/logo\/image\/\"},\"sameAs\":[\"https:\/\/www.facebook.com\/ninjamartvn\/\"]}]}<\/script>\n<!-- \/ Yoast SEO plugin. -->","yoast_head_json":{"title":"V\u1ec0 CH\u00daNG T\u00d4I - Ninja Mart","description":"Kh\u00e1m ph\u00e1 c\u00e2u chuy\u1ec7n v\u00e0 n\u0103ng l\u1ef1c c\u1ee7a Ninja Mart - \u0111\u1ed1i t\u00e1c ph\u00e2n ph\u1ed1i h\u00e0ng ti\u00eau d\u00f9ng v\u1edbi m\u1ea1ng l\u01b0\u1edbi kho v\u1eadn v\u00e0 b\u00e1n h\u00e0ng ph\u1ee7 s\u00f3ng r\u1ed9ng r\u00e3i.","robots":{"index":"index","follow":"follow","max-snippet":"max-snippet:-1","max-image-preview":"max-image-preview:large","max-video-preview":"max-video-preview:-1"},"canonical":"https:\/\/ninjamart.com\/vi\/gioi-thieu-ninjamart\/","og_locale":"vi_VN","og_type":"article","og_title":"V\u1ec0 CH\u00daNG T\u00d4I - Ninja Mart","og_description":"Kh\u00e1m ph\u00e1 c\u00e2u chuy\u1ec7n v\u00e0 n\u0103ng l\u1ef1c c\u1ee7a Ninja Mart - \u0111\u1ed1i t\u00e1c ph\u00e2n ph\u1ed1i h\u00e0ng ti\u00eau d\u00f9ng v\u1edbi m\u1ea1ng l\u01b0\u1edbi kho v\u1eadn v\u00e0 b\u00e1n h\u00e0ng ph\u1ee7 s\u00f3ng r\u1ed9ng r\u00e3i.","og_url":"https:\/\/ninjamart.com\/vi\/gioi-thieu-ninjamart\/","og_site_name":"Ninja Mart","article_publisher":"https:\/\/www.facebook.com\/ninjamartvn\/","article_modified_time":"2025-09-09T10:12:19+00:00","twitter_card":"summary_large_image","schema":{"@context":"https:\/\/schema.org","@graph":[{"@type":"WebPage","@id":"https:\/\/ninjamart.com\/vi\/gioi-thieu-ninjamart\/","url":"https:\/\/ninjamart.com\/vi\/gioi-thieu-ninjamart\/","name":"V\u1ec0 CH\u00daNG T\u00d4I - Ninja Mart","isPartOf":{"@id":"https:\/\/ninjamart.com\/vi\/#website"},"datePublished":"2023-03-01T09:30:54+00:00","dateModified":"2025-09-09T10:12:19+00:00","description":"Kh\u00e1m ph\u00e1 c\u00e2u chuy\u1ec7n v\u00e0 n\u0103ng l\u1ef1c c\u1ee7a Ninja Mart - \u0111\u1ed1i t\u00e1c ph\u00e2n ph\u1ed1i h\u00e0ng ti\u00eau d\u00f9ng v\u1edbi m\u1ea1ng l\u01b0\u1edbi kho v\u1eadn v\u00e0 b\u00e1n h\u00e0ng ph\u1ee7 s\u00f3ng r\u1ed9ng r\u00e3i.","breadcrumb":{"@id":"https:\/\/ninjamart.com\/vi\/gioi-thieu-ninjamart\/#breadcrumb"},"inLanguage":"vi-VN","potentialAction":[{"@type":"ReadAction","target":["https:\/\/ninjamart.com\/vi\/gioi-thieu-ninjamart\/"]}]},{"@type":"BreadcrumbList","@id":"https:\/\/ninjamart.com\/vi\/gioi-thieu-ninjamart\/#breadcrumb","itemListElement":[{"@type":"ListItem","position":1,"name":"Home","item":"https:\/\/ninjamart.com\/vi\/"},{"@type":"ListItem","position":2,"name":"V\u1ec0 CH\u00daNG T\u00d4I"}]},{"@type":"WebSite","@id":"https:\/\/ninjamart.com\/vi\/#website","url":"https:\/\/ninjamart.com\/vi\/","name":"Ninja Mart","description":"Wider Coverage, Endless Possibilities","publisher":{"@id":"https:\/\/ninjamart.com\/vi\/#organization"},"potentialAction":[{"@type":"SearchAction","target":{"@type":"EntryPoint","urlTemplate":"https:\/\/ninjamart.com\/vi\/?s={search_term_string}"},"query-input":"required name=search_term_string"}],"inLanguage":"vi-VN"},{"@type":"Organization","@id":"https:\/\/ninjamart.com\/vi\/#organization","name":"Ninja Mart","alternateName":"Ninja Van","url":"https:\/\/ninjamart.com\/vi\/","logo":{"@type":"ImageObject","inLanguage":"vi-VN","@id":"https:\/\/ninjamart.com\/vi\/#\/schema\/logo\/image\/","url":"https:\/\/ninjamart.com\/wp-content\/uploads\/2023\/02\/logo-ninjamart.svg","contentUrl":"https:\/\/ninjamart.com\/wp-content\/uploads\/2023\/02\/logo-ninjamart.svg","width":188,"height":48,"caption":"Ninja Mart"},"image":{"@id":"https:\/\/ninjamart.com\/vi\/#\/schema\/logo\/image\/"},"sameAs":["https:\/\/www.facebook.com\/ninjamartvn\/"]}]}},"_links":{"self":[{"href":"https:\/\/ninjamart.com\/vi\/wp-json\/wp\/v2\/pages\/344"}],"collection":[{"href":"https:\/\/ninjamart.com\/vi\/wp-json\/wp\/v2\/pages"}],"about":[{"href":"https:\/\/ninjamart.com\/vi\/wp-json\/wp\/v2\/types\/page"}],"author":[{"embeddable":true,"href":"https:\/\/ninjamart.com\/vi\/wp-json\/wp\/v2\/users\/1"}],"replies":[{"embeddable":true,"href":"https:\/\/ninjamart.com\/vi\/wp-json\/wp\/v2\/comments?post=344"}],"version-history":[{"count":13,"href":"https:\/\/ninjamart.com\/vi\/wp-json\/wp\/v2\/pages\/344\/revisions"}],"predecessor-version":[{"id":3502,"href":"https:\/\/ninjamart.com\/vi\/wp-json\/wp\/v2\/pages\/344\/revisions\/3502"}],"wp:attachment":[{"href":"https:\/\/ninjamart.com\/vi\/wp-json\/wp\/v2\/media?parent=344"}],"curies":[{"name":"wp","href":"https:\/\/api.w.org\/{rel}","templated":true}]}}