{"id":315,"date":"2023-03-01T16:05:18","date_gmt":"2023-03-01T09:05:18","guid":{"rendered":"http:\/\/35.213.183.12\/homepage\/"},"modified":"2025-09-08T15:25:06","modified_gmt":"2025-09-08T08:25:06","slug":"homepage","status":"publish","type":"page","link":"https:\/\/ninjamart.com\/vi\/","title":{"rendered":"Trang ch\u1ee7"},"content":{"rendered":"<p>\u0110\u1ed9i ng\u0169 nh\u00e2n vi\u00ean b\u00e1n h\u00e0ng c\u00f3 m\u1eb7t tr\u00ean to\u00e0n qu\u1ed1c cho ph\u00e9p ch\u00fang t\u00f4i x\u00e2y d\u1ef1ng m\u1ed1i quan h\u1ec7 v\u00e0 ti\u1ebfp c\u1eadn tr\u1ef1c ti\u1ebfp \u0111\u1ebfn h\u00e0ng ng\u00e0n c\u1eeda h\u00e0ng t\u1ea1p h\u00f3a c\u00f9ng v\u1edbi m\u1ea1ng l\u01b0\u1edbi kho h\u00e0ng v\u00e0 ph\u01b0\u01a1ng ti\u1ec7n v\u1eadn t\u1ea3i.\u0110\u1ed9i ng\u0169 nh\u00e2n vi\u00ean b\u00e1n h\u00e0ng c\u00f3 m\u1eb7t tr\u00ean to\u00e0n qu\u1ed1c cho ph\u00e9p ch\u00fang t\u00f4i x\u00e2y d\u1ef1ng m\u1ed1i quan h\u1ec7 v\u00e0 ti\u1ebfp c\u1eadn tr\u1ef1c ti\u1ebfp \u0111\u1ebfn h\u00e0ng ng\u00e0n c\u1eeda h\u00e0ng t\u1ea1p h\u00f3a c\u00f9ng v\u1edbi m\u1ea1ng l\u01b0\u1edbi kho h\u00e0ng v\u00e0 ph\u01b0\u01a1ng ti\u1ec7n v\u1eadn t\u1ea3i.<\/p>\n","protected":false},"excerpt":{"rendered":"<p>\u0110\u1ed9i ng\u0169 nh\u00e2n vi\u00ean b\u00e1n h\u00e0ng c\u00f3 m\u1eb7t tr\u00ean to\u00e0n qu\u1ed1c cho ph\u00e9p ch\u00fang t\u00f4i x\u00e2y d\u1ef1ng m\u1ed1i quan h\u1ec7 v\u00e0 ti\u1ebfp c\u1eadn tr\u1ef1c ti\u1ebfp \u0111\u1ebfn h\u00e0ng ng\u00e0n c\u1eeda h\u00e0ng t\u1ea1p h\u00f3a c\u00f9ng v\u1edbi m\u1ea1ng l\u01b0\u1edbi kho h\u00e0ng v\u00e0 ph\u01b0\u01a1ng ti\u1ec7n v\u1eadn t\u1ea3i.\u0110\u1ed9i ng\u0169 nh\u00e2n vi\u00ean b\u00e1n h\u00e0ng c\u00f3 m\u1eb7t tr\u00ean to\u00e0n qu\u1ed1c cho ph\u00e9p [&hellip;]<\/p>\n","protected":false},"author":1,"featured_media":0,"parent":0,"menu_order":0,"comment_status":"closed","ping_status":"closed","template":"page-front.php","meta":{"inline_featured_image":false,"_monsterinsights_skip_tracking":false,"_monsterinsights_sitenote_active":false,"_monsterinsights_sitenote_note":"","_monsterinsights_sitenote_category":0,"footnotes":""},"acf":[],"yoast_head":"<!-- This site is optimized with the Yoast SEO plugin v22.6 - https:\/\/yoast.com\/wordpress\/plugins\/seo\/ -->\n<title>Ninja Mart - Ph\u1ee7 S\u00f3ng R\u1ed9ng R\u00e3i, Ti\u1ec1m N\u0103ng V\u00f4 T\u1eadn<\/title>\n<meta name=\"description\" content=\"Gi\u1ea3i ph\u00e1p cung c\u1ea5p \u0111a d\u1ea1ng c\u00e1c m\u1eb7t h\u00e0ng cho t\u1ea1p h\u00f3a v\u1edbi m\u1ea1ng l\u01b0\u1edbi ph\u00e2n ph\u1ed1i r\u1ed9ng kh\u1eafp \u0111\u1ebfn 38.000 c\u1eeda h\u00e0ng v\u00e0 nhi\u1ec1u \u01b0u \u0111\u00e3i h\u1ea5p d\u1eabn!\" \/>\n<meta name=\"robots\" content=\"index, follow, max-snippet:-1, max-image-preview:large, max-video-preview:-1\" \/>\n<link rel=\"canonical\" href=\"https:\/\/ninjamart.com\/vi\/\" \/>\n<meta property=\"og:locale\" content=\"vi_VN\" \/>\n<meta property=\"og:type\" content=\"article\" \/>\n<meta property=\"og:title\" content=\"Ninja Mart - Ph\u1ee7 S\u00f3ng R\u1ed9ng R\u00e3i, Ti\u1ec1m N\u0103ng V\u00f4 T\u1eadn\" \/>\n<meta property=\"og:description\" content=\"Gi\u1ea3i ph\u00e1p cung c\u1ea5p \u0111a d\u1ea1ng c\u00e1c m\u1eb7t h\u00e0ng cho t\u1ea1p h\u00f3a v\u1edbi m\u1ea1ng l\u01b0\u1edbi ph\u00e2n ph\u1ed1i r\u1ed9ng kh\u1eafp \u0111\u1ebfn 38.000 c\u1eeda h\u00e0ng v\u00e0 nhi\u1ec1u \u01b0u \u0111\u00e3i h\u1ea5p d\u1eabn!\" \/>\n<meta property=\"og:url\" content=\"https:\/\/ninjamart.com\/vi\/\" \/>\n<meta property=\"og:site_name\" content=\"Ninja Mart\" \/>\n<meta property=\"article:publisher\" content=\"https:\/\/www.facebook.com\/ninjamartvn\/\" \/>\n<meta property=\"article:modified_time\" content=\"2025-09-08T08:25:06+00:00\" \/>\n<meta name=\"twitter:card\" content=\"summary_large_image\" \/>\n<meta name=\"twitter:label1\" content=\"Est. reading time\" \/>\n\t<meta name=\"twitter:data1\" content=\"1 minute\" \/>\n<script type=\"application\/ld+json\" class=\"yoast-schema-graph\">{\"@context\":\"https:\/\/schema.org\",\"@graph\":[{\"@type\":\"WebPage\",\"@id\":\"https:\/\/ninjamart.com\/vi\/\",\"url\":\"https:\/\/ninjamart.com\/vi\/\",\"name\":\"Ninja Mart - Ph\u1ee7 S\u00f3ng R\u1ed9ng R\u00e3i, Ti\u1ec1m N\u0103ng V\u00f4 T\u1eadn\",\"isPartOf\":{\"@id\":\"https:\/\/ninjamart.com\/vi\/#website\"},\"datePublished\":\"2023-03-01T09:05:18+00:00\",\"dateModified\":\"2025-09-08T08:25:06+00:00\",\"description\":\"Gi\u1ea3i ph\u00e1p cung c\u1ea5p \u0111a d\u1ea1ng c\u00e1c m\u1eb7t h\u00e0ng cho t\u1ea1p h\u00f3a v\u1edbi m\u1ea1ng l\u01b0\u1edbi ph\u00e2n ph\u1ed1i r\u1ed9ng kh\u1eafp \u0111\u1ebfn 38.000 c\u1eeda h\u00e0ng v\u00e0 nhi\u1ec1u \u01b0u \u0111\u00e3i h\u1ea5p d\u1eabn!\",\"breadcrumb\":{\"@id\":\"https:\/\/ninjamart.com\/vi\/#breadcrumb\"},\"inLanguage\":\"vi-VN\",\"potentialAction\":[{\"@type\":\"ReadAction\",\"target\":[\"https:\/\/ninjamart.com\/vi\/\"]}]},{\"@type\":\"BreadcrumbList\",\"@id\":\"https:\/\/ninjamart.com\/vi\/#breadcrumb\",\"itemListElement\":[{\"@type\":\"ListItem\",\"position\":1,\"name\":\"Home\",\"item\":\"https:\/\/ninjamart.com\/vi\/\"},{\"@type\":\"ListItem\",\"position\":2,\"name\":\"Trang ch\u1ee7\"}]},{\"@type\":\"WebSite\",\"@id\":\"https:\/\/ninjamart.com\/vi\/#website\",\"url\":\"https:\/\/ninjamart.com\/vi\/\",\"name\":\"Ninja Mart\",\"description\":\"Wider Coverage, Endless Possibilities\",\"publisher\":{\"@id\":\"https:\/\/ninjamart.com\/vi\/#organization\"},\"potentialAction\":[{\"@type\":\"SearchAction\",\"target\":{\"@type\":\"EntryPoint\",\"urlTemplate\":\"https:\/\/ninjamart.com\/vi\/?s={search_term_string}\"},\"query-input\":\"required name=search_term_string\"}],\"inLanguage\":\"vi-VN\"},{\"@type\":\"Organization\",\"@id\":\"https:\/\/ninjamart.com\/vi\/#organization\",\"name\":\"Ninja Mart\",\"alternateName\":\"Ninja Van\",\"url\":\"https:\/\/ninjamart.com\/vi\/\",\"logo\":{\"@type\":\"ImageObject\",\"inLanguage\":\"vi-VN\",\"@id\":\"https:\/\/ninjamart.com\/vi\/#\/schema\/logo\/image\/\",\"url\":\"https:\/\/ninjamart.com\/wp-content\/uploads\/2023\/02\/logo-ninjamart.svg\",\"contentUrl\":\"https:\/\/ninjamart.com\/wp-content\/uploads\/2023\/02\/logo-ninjamart.svg\",\"width\":188,\"height\":48,\"caption\":\"Ninja Mart\"},\"image\":{\"@id\":\"https:\/\/ninjamart.com\/vi\/#\/schema\/logo\/image\/\"},\"sameAs\":[\"https:\/\/www.facebook.com\/ninjamartvn\/\"]}]}<\/script>\n<!-- \/ Yoast SEO plugin. -->","yoast_head_json":{"title":"Ninja Mart - Ph\u1ee7 S\u00f3ng R\u1ed9ng R\u00e3i, Ti\u1ec1m N\u0103ng V\u00f4 T\u1eadn","description":"Gi\u1ea3i ph\u00e1p cung c\u1ea5p \u0111a d\u1ea1ng c\u00e1c m\u1eb7t h\u00e0ng cho t\u1ea1p h\u00f3a v\u1edbi m\u1ea1ng l\u01b0\u1edbi ph\u00e2n ph\u1ed1i r\u1ed9ng kh\u1eafp \u0111\u1ebfn 38.000 c\u1eeda h\u00e0ng v\u00e0 nhi\u1ec1u \u01b0u \u0111\u00e3i h\u1ea5p d\u1eabn!","robots":{"index":"index","follow":"follow","max-snippet":"max-snippet:-1","max-image-preview":"max-image-preview:large","max-video-preview":"max-video-preview:-1"},"canonical":"https:\/\/ninjamart.com\/vi\/","og_locale":"vi_VN","og_type":"article","og_title":"Ninja Mart - Ph\u1ee7 S\u00f3ng R\u1ed9ng R\u00e3i, Ti\u1ec1m N\u0103ng V\u00f4 T\u1eadn","og_description":"Gi\u1ea3i ph\u00e1p cung c\u1ea5p \u0111a d\u1ea1ng c\u00e1c m\u1eb7t h\u00e0ng cho t\u1ea1p h\u00f3a v\u1edbi m\u1ea1ng l\u01b0\u1edbi ph\u00e2n ph\u1ed1i r\u1ed9ng kh\u1eafp \u0111\u1ebfn 38.000 c\u1eeda h\u00e0ng v\u00e0 nhi\u1ec1u \u01b0u \u0111\u00e3i h\u1ea5p d\u1eabn!","og_url":"https:\/\/ninjamart.com\/vi\/","og_site_name":"Ninja Mart","article_publisher":"https:\/\/www.facebook.com\/ninjamartvn\/","article_modified_time":"2025-09-08T08:25:06+00:00","twitter_card":"summary_large_image","twitter_misc":{"Est. reading time":"1 minute"},"schema":{"@context":"https:\/\/schema.org","@graph":[{"@type":"WebPage","@id":"https:\/\/ninjamart.com\/vi\/","url":"https:\/\/ninjamart.com\/vi\/","name":"Ninja Mart - Ph\u1ee7 S\u00f3ng R\u1ed9ng R\u00e3i, Ti\u1ec1m N\u0103ng V\u00f4 T\u1eadn","isPartOf":{"@id":"https:\/\/ninjamart.com\/vi\/#website"},"datePublished":"2023-03-01T09:05:18+00:00","dateModified":"2025-09-08T08:25:06+00:00","description":"Gi\u1ea3i ph\u00e1p cung c\u1ea5p \u0111a d\u1ea1ng c\u00e1c m\u1eb7t h\u00e0ng cho t\u1ea1p h\u00f3a v\u1edbi m\u1ea1ng l\u01b0\u1edbi ph\u00e2n ph\u1ed1i r\u1ed9ng kh\u1eafp \u0111\u1ebfn 38.000 c\u1eeda h\u00e0ng v\u00e0 nhi\u1ec1u \u01b0u \u0111\u00e3i h\u1ea5p d\u1eabn!","breadcrumb":{"@id":"https:\/\/ninjamart.com\/vi\/#breadcrumb"},"inLanguage":"vi-VN","potentialAction":[{"@type":"ReadAction","target":["https:\/\/ninjamart.com\/vi\/"]}]},{"@type":"BreadcrumbList","@id":"https:\/\/ninjamart.com\/vi\/#breadcrumb","itemListElement":[{"@type":"ListItem","position":1,"name":"Home","item":"https:\/\/ninjamart.com\/vi\/"},{"@type":"ListItem","position":2,"name":"Trang ch\u1ee7"}]},{"@type":"WebSite","@id":"https:\/\/ninjamart.com\/vi\/#website","url":"https:\/\/ninjamart.com\/vi\/","name":"Ninja Mart","description":"Wider Coverage, Endless Possibilities","publisher":{"@id":"https:\/\/ninjamart.com\/vi\/#organization"},"potentialAction":[{"@type":"SearchAction","target":{"@type":"EntryPoint","urlTemplate":"https:\/\/ninjamart.com\/vi\/?s={search_term_string}"},"query-input":"required name=search_term_string"}],"inLanguage":"vi-VN"},{"@type":"Organization","@id":"https:\/\/ninjamart.com\/vi\/#organization","name":"Ninja Mart","alternateName":"Ninja Van","url":"https:\/\/ninjamart.com\/vi\/","logo":{"@type":"ImageObject","inLanguage":"vi-VN","@id":"https:\/\/ninjamart.com\/vi\/#\/schema\/logo\/image\/","url":"https:\/\/ninjamart.com\/wp-content\/uploads\/2023\/02\/logo-ninjamart.svg","contentUrl":"https:\/\/ninjamart.com\/wp-content\/uploads\/2023\/02\/logo-ninjamart.svg","width":188,"height":48,"caption":"Ninja Mart"},"image":{"@id":"https:\/\/ninjamart.com\/vi\/#\/schema\/logo\/image\/"},"sameAs":["https:\/\/www.facebook.com\/ninjamartvn\/"]}]}},"_links":{"self":[{"href":"https:\/\/ninjamart.com\/vi\/wp-json\/wp\/v2\/pages\/315"}],"collection":[{"href":"https:\/\/ninjamart.com\/vi\/wp-json\/wp\/v2\/pages"}],"about":[{"href":"https:\/\/ninjamart.com\/vi\/wp-json\/wp\/v2\/types\/page"}],"author":[{"embeddable":true,"href":"https:\/\/ninjamart.com\/vi\/wp-json\/wp\/v2\/users\/1"}],"replies":[{"embeddable":true,"href":"https:\/\/ninjamart.com\/vi\/wp-json\/wp\/v2\/comments?post=315"}],"version-history":[{"count":62,"href":"https:\/\/ninjamart.com\/vi\/wp-json\/wp\/v2\/pages\/315\/revisions"}],"predecessor-version":[{"id":3492,"href":"https:\/\/ninjamart.com\/vi\/wp-json\/wp\/v2\/pages\/315\/revisions\/3492"}],"wp:attachment":[{"href":"https:\/\/ninjamart.com\/vi\/wp-json\/wp\/v2\/media?parent=315"}],"curies":[{"name":"wp","href":"https:\/\/api.w.org\/{rel}","templated":true}]}}